{"id":1609,"date":"2024-03-12T15:39:50","date_gmt":"2024-03-12T14:39:50","guid":{"rendered":"https:\/\/keeperinmotion.com\/a-propos\/"},"modified":"2024-04-15T15:19:09","modified_gmt":"2024-04-15T13:19:09","slug":"quienes-somos","status":"publish","type":"page","link":"https:\/\/keeperinmotion.com\/es\/quienes-somos","title":{"rendered":"Qui\u00e9nes somos"},"content":{"rendered":"<div class=\"wpb-content-wrapper\"><p>[vc_row full_width=\u00bbstretch_row\u00bb css=\u00bb.vc_custom_1710433780041{padding-top: 200px !important;padding-bottom: 100px !important;}\u00bb el_class=\u00bbzindex10&#8243;][vc_column css_animation=\u00bbfadeInLeft\u00bb width=\u00bb5\/12&#8243;][vc_column_text el_class=\u00bbserviceskim\u00bb]QUI\u00c9NES SOMOS[\/vc_column_text][vc_column_text]<\/p>\n<h1><span class=\"blanc\">una historia<\/span><br \/>\nde pasi\u00f3n<\/h1>\n<p>[\/vc_column_text][vc_column_text el_class=\u00bbblanc gras paddingright200&#8243;]Basado en el enfoque sist\u00e9mico simplificado de la actividad del portero en el juego creado por Thierry Barnerat (Experto en Porteros de la FIFA), KIM es un conjunto de servicios y soluciones desarrollados por el Grupo OAKland con el apoyo de la Academia de Desarrollo de Porteros para apoyar la posici\u00f3n de portero.[\/vc_column_text][\/vc_column][vc_column width=\u00bb7\/12&#8243;][\/vc_column][\/vc_row][vc_row full_width=\u00bbstretch_row\u00bb gap=\u00bb35&#8243; equal_height=\u00bbyes\u00bb content_placement=\u00bbtop\u00bb el_class=\u00bbdiagonal propos zindex5&#8243; css=\u00bb.vc_custom_1710433878048{margin-top: -50px !important;padding-top: 100px !important;}\u00bb][vc_column css_animation=\u00bbfadeIn\u00bb width=\u00bb1\/3&#8243;][vc_single_image image=\u00bb1898&#8243; img_size=\u00bb220&#215;220&#8243; alignment=\u00bbcenter\u00bb][\/vc_column][vc_column width=\u00bb2\/3&#8243;][vc_column_text el_class=\u00bbblanc light\u00bb]KIM nace de la reuni\u00f3n entre James NAUFFRAY, fundador y l\u00edder del grupo Oakland, experto en datos estrat\u00e9gicos empresariales, y Thierry BARNERAT, considerado uno de los mejores expertos mundiales en la posici\u00f3n de portero, experto portero FIFA.<\/p>\n<p>Varias cosas clave los unen a pesar de que todo parezca separarlos:<\/p>\n<ul>\n<li>La pasi\u00f3n por el deporte en general y el f\u00fatbol en particular;<\/li>\n<li>Los datos como asistente para el rendimiento;<\/li>\n<li>El deseo y la capacidad de detectar nuevos enfoques en la evaluaci\u00f3n realmente objetiva y completa del rendimiento de un atleta.<\/li>\n<\/ul>\n<p>Hoy en d\u00eda en el mundo del f\u00fatbol amateur, preprofesional, y a veces incluso profesional, <strong>los clubes, reclutadores, entrenadores o familias<\/strong> necesitan poder <strong>evaluar de manera exhaustiva el potencial de sus porteros<\/strong>, su rendimiento en secuencias de juego de una manera <strong>simple, fiable y directa<\/strong>, y finalmente orientar sus sesiones de trabajo espec\u00edficas para que progresen.<\/p>\n<p>Sin embargo, actualmente no existe ning\u00fan enfoque para acompa\u00f1ar la progresi\u00f3n del portero de una manera hol\u00edstica.<\/p>\n<p>Por supuesto, existen aplicaciones hoy en d\u00eda para analizar los partidos. Tienen las siguientes caracter\u00edsticas:<\/p>\n<p>Basadas \u00fanicamente en im\u00e1genes, analizadas por algoritmos;<\/p>\n<ul>\n<li>Requieren un camar\u00f3grafo para identificar las im\u00e1genes relevantes para los entrenadores (solo en clubes profesionales);<\/li>\n<li>Solo tratan a los porteros en criterios reducidos y b\u00e1sicos (penales, goles);<\/li>\n<li>No permiten generar datos compartibles;<\/li>\n<li>Relativamente costosas.<\/li>\n<\/ul>\n<p>Estas aplicaciones est\u00e1n destinadas a estructuras deportivas profesionales y no permiten una evaluaci\u00f3n completa, objetiva y relevante del rendimiento de los porteros. Adem\u00e1s, se limitan al rendimiento en los partidos.[\/vc_column_text][vc_column_text el_class=\u00bbgras rose\u00bb]El ecosistema KIM es el primero en su tipo en el mundo en ofrecer un acompa\u00f1amiento completo en la evoluci\u00f3n del portero.[\/vc_column_text][\/vc_column][\/vc_row]<\/p>\n<\/div>","protected":false},"excerpt":{"rendered":"<p>[vc_row full_width=\u00bbstretch_row\u00bb css=\u00bb.vc_custom_1710433780041{padding-top: 200px !important;padding-bottom: 100px !important;}\u00bb el_class=\u00bbzindex10&#8243;][vc_column [...]","protected":false},"author":1,"featured_media":0,"parent":0,"menu_order":0,"comment_status":"closed","ping_status":"closed","template":"","meta":{"_acf_changed":false,"footnotes":""},"class_list":["post-1609","page","type-page","status-publish","hentry"],"acf":[],"yoast_head":"<!-- This site is optimized with the Yoast SEO plugin v27.4 - https:\/\/yoast.com\/product\/yoast-seo-wordpress\/ -->\n<title>Qui\u00e9nes somos - Keeper in Motion<\/title>\n<meta name=\"robots\" content=\"index, follow, max-snippet:-1, max-image-preview:large, max-video-preview:-1\" \/>\n<link rel=\"canonical\" href=\"https:\/\/keeperinmotion.com\/a-propos\" \/>\n<meta property=\"og:locale\" content=\"es_ES\" \/>\n<meta property=\"og:type\" content=\"article\" \/>\n<meta property=\"og:title\" content=\"Qui\u00e9nes somos - Keeper in Motion\" \/>\n<meta property=\"og:description\" content=\"[vc_row full_width=\u00bbstretch_row\u00bb css=\u00bb.vc_custom_1710433780041{padding-top: 200px !important;padding-bottom: 100px !important;}\u00bb el_class=\u00bbzindex10&#8243;][vc_column css_animation=\u00bbfadeInLeft\u00bb width=\u00bb5\/12&#8243;][vc_column_text el_class=\u00bbserviceskim\u00bb]QUI\u00c9NES SOMOS[\/vc_column_text][vc_column_text] una historia de pasi\u00f3n [\/vc_column_text][vc_column_text el_class=\u00bbblanc gras paddingright200&#8243;]Basado en el enfoque sist\u00e9mico simplificado de la actividad del portero en el juego creado por Thierry Barnerat (Experto en Porteros de la FIFA), KIM es un conjunto de servicios y soluciones desarrollados por el Grupo [&hellip;]\" \/>\n<meta property=\"og:url\" content=\"https:\/\/keeperinmotion.com\/a-propos\" \/>\n<meta property=\"og:site_name\" content=\"Keeper in Motion\" \/>\n<meta property=\"article:publisher\" content=\"https:\/\/www.facebook.com\/profile.php?id=100089478548716\" \/>\n<meta property=\"article:modified_time\" content=\"2024-04-15T13:19:09+00:00\" \/>\n<meta name=\"twitter:card\" content=\"summary_large_image\" \/>\n<meta name=\"twitter:label1\" content=\"Tiempo de lectura\" \/>\n\t<meta name=\"twitter:data1\" content=\"2 minutos\" \/>\n<script type=\"application\/ld+json\" class=\"yoast-schema-graph\">{\"@context\":\"https:\\\/\\\/schema.org\",\"@graph\":[{\"@type\":\"WebPage\",\"@id\":\"https:\\\/\\\/keeperinmotion.com\\\/a-propos\",\"url\":\"https:\\\/\\\/keeperinmotion.com\\\/a-propos\",\"name\":\"Qui\u00e9nes somos - Keeper in Motion\",\"isPartOf\":{\"@id\":\"https:\\\/\\\/keeperinmotion.com\\\/#website\"},\"datePublished\":\"2024-03-12T14:39:50+00:00\",\"dateModified\":\"2024-04-15T13:19:09+00:00\",\"breadcrumb\":{\"@id\":\"https:\\\/\\\/keeperinmotion.com\\\/a-propos#breadcrumb\"},\"inLanguage\":\"es\",\"potentialAction\":[{\"@type\":\"ReadAction\",\"target\":[\"https:\\\/\\\/keeperinmotion.com\\\/a-propos\"]}]},{\"@type\":\"BreadcrumbList\",\"@id\":\"https:\\\/\\\/keeperinmotion.com\\\/a-propos#breadcrumb\",\"itemListElement\":[{\"@type\":\"ListItem\",\"position\":1,\"name\":\"Accueil\",\"item\":\"https:\\\/\\\/keeperinmotion.com\\\/es\"},{\"@type\":\"ListItem\",\"position\":2,\"name\":\"Qui\u00e9nes somos\"}]},{\"@type\":\"WebSite\",\"@id\":\"https:\\\/\\\/keeperinmotion.com\\\/#website\",\"url\":\"https:\\\/\\\/keeperinmotion.com\\\/\",\"name\":\"KIM - Keeper in Motion\",\"description\":\"Goal Keeper are with Keeper in Motion\",\"publisher\":{\"@id\":\"https:\\\/\\\/keeperinmotion.com\\\/#organization\"},\"alternateName\":\"KIM BOARD\",\"potentialAction\":[{\"@type\":\"SearchAction\",\"target\":{\"@type\":\"EntryPoint\",\"urlTemplate\":\"https:\\\/\\\/keeperinmotion.com\\\/?s={search_term_string}\"},\"query-input\":{\"@type\":\"PropertyValueSpecification\",\"valueRequired\":true,\"valueName\":\"search_term_string\"}}],\"inLanguage\":\"es\"},{\"@type\":\"Organization\",\"@id\":\"https:\\\/\\\/keeperinmotion.com\\\/#organization\",\"name\":\"Keeper in Motion\",\"alternateName\":\"KIM\",\"url\":\"https:\\\/\\\/keeperinmotion.com\\\/\",\"logo\":{\"@type\":\"ImageObject\",\"inLanguage\":\"es\",\"@id\":\"https:\\\/\\\/keeperinmotion.com\\\/#\\\/schema\\\/logo\\\/image\\\/\",\"url\":\"https:\\\/\\\/keeperinmotion.com\\\/wp-content\\\/uploads\\\/2025\\\/01\\\/kim.png\",\"contentUrl\":\"https:\\\/\\\/keeperinmotion.com\\\/wp-content\\\/uploads\\\/2025\\\/01\\\/kim.png\",\"width\":700,\"height\":700,\"caption\":\"Keeper in Motion\"},\"image\":{\"@id\":\"https:\\\/\\\/keeperinmotion.com\\\/#\\\/schema\\\/logo\\\/image\\\/\"},\"sameAs\":[\"https:\\\/\\\/www.facebook.com\\\/profile.php?id=100089478548716\",\"https:\\\/\\\/www.instagram.com\\\/keeperinmotion\\\/\"]}]}<\/script>\n<!-- \/ Yoast SEO plugin. -->","yoast_head_json":{"title":"Qui\u00e9nes somos - Keeper in Motion","robots":{"index":"index","follow":"follow","max-snippet":"max-snippet:-1","max-image-preview":"max-image-preview:large","max-video-preview":"max-video-preview:-1"},"canonical":"https:\/\/keeperinmotion.com\/a-propos","og_locale":"es_ES","og_type":"article","og_title":"Qui\u00e9nes somos - Keeper in Motion","og_description":"[vc_row full_width=\u00bbstretch_row\u00bb css=\u00bb.vc_custom_1710433780041{padding-top: 200px !important;padding-bottom: 100px !important;}\u00bb el_class=\u00bbzindex10&#8243;][vc_column css_animation=\u00bbfadeInLeft\u00bb width=\u00bb5\/12&#8243;][vc_column_text el_class=\u00bbserviceskim\u00bb]QUI\u00c9NES SOMOS[\/vc_column_text][vc_column_text] una historia de pasi\u00f3n [\/vc_column_text][vc_column_text el_class=\u00bbblanc gras paddingright200&#8243;]Basado en el enfoque sist\u00e9mico simplificado de la actividad del portero en el juego creado por Thierry Barnerat (Experto en Porteros de la FIFA), KIM es un conjunto de servicios y soluciones desarrollados por el Grupo [&hellip;]","og_url":"https:\/\/keeperinmotion.com\/a-propos","og_site_name":"Keeper in Motion","article_publisher":"https:\/\/www.facebook.com\/profile.php?id=100089478548716","article_modified_time":"2024-04-15T13:19:09+00:00","twitter_card":"summary_large_image","twitter_misc":{"Tiempo de lectura":"2 minutos"},"schema":{"@context":"https:\/\/schema.org","@graph":[{"@type":"WebPage","@id":"https:\/\/keeperinmotion.com\/a-propos","url":"https:\/\/keeperinmotion.com\/a-propos","name":"Qui\u00e9nes somos - Keeper in Motion","isPartOf":{"@id":"https:\/\/keeperinmotion.com\/#website"},"datePublished":"2024-03-12T14:39:50+00:00","dateModified":"2024-04-15T13:19:09+00:00","breadcrumb":{"@id":"https:\/\/keeperinmotion.com\/a-propos#breadcrumb"},"inLanguage":"es","potentialAction":[{"@type":"ReadAction","target":["https:\/\/keeperinmotion.com\/a-propos"]}]},{"@type":"BreadcrumbList","@id":"https:\/\/keeperinmotion.com\/a-propos#breadcrumb","itemListElement":[{"@type":"ListItem","position":1,"name":"Accueil","item":"https:\/\/keeperinmotion.com\/es"},{"@type":"ListItem","position":2,"name":"Qui\u00e9nes somos"}]},{"@type":"WebSite","@id":"https:\/\/keeperinmotion.com\/#website","url":"https:\/\/keeperinmotion.com\/","name":"KIM - Keeper in Motion","description":"Goal Keeper are with Keeper in Motion","publisher":{"@id":"https:\/\/keeperinmotion.com\/#organization"},"alternateName":"KIM BOARD","potentialAction":[{"@type":"SearchAction","target":{"@type":"EntryPoint","urlTemplate":"https:\/\/keeperinmotion.com\/?s={search_term_string}"},"query-input":{"@type":"PropertyValueSpecification","valueRequired":true,"valueName":"search_term_string"}}],"inLanguage":"es"},{"@type":"Organization","@id":"https:\/\/keeperinmotion.com\/#organization","name":"Keeper in Motion","alternateName":"KIM","url":"https:\/\/keeperinmotion.com\/","logo":{"@type":"ImageObject","inLanguage":"es","@id":"https:\/\/keeperinmotion.com\/#\/schema\/logo\/image\/","url":"https:\/\/keeperinmotion.com\/wp-content\/uploads\/2025\/01\/kim.png","contentUrl":"https:\/\/keeperinmotion.com\/wp-content\/uploads\/2025\/01\/kim.png","width":700,"height":700,"caption":"Keeper in Motion"},"image":{"@id":"https:\/\/keeperinmotion.com\/#\/schema\/logo\/image\/"},"sameAs":["https:\/\/www.facebook.com\/profile.php?id=100089478548716","https:\/\/www.instagram.com\/keeperinmotion\/"]}]}},"_links":{"self":[{"href":"https:\/\/keeperinmotion.com\/es\/wp-json\/wp\/v2\/pages\/1609","targetHints":{"allow":["GET"]}}],"collection":[{"href":"https:\/\/keeperinmotion.com\/es\/wp-json\/wp\/v2\/pages"}],"about":[{"href":"https:\/\/keeperinmotion.com\/es\/wp-json\/wp\/v2\/types\/page"}],"author":[{"embeddable":true,"href":"https:\/\/keeperinmotion.com\/es\/wp-json\/wp\/v2\/users\/1"}],"replies":[{"embeddable":true,"href":"https:\/\/keeperinmotion.com\/es\/wp-json\/wp\/v2\/comments?post=1609"}],"version-history":[{"count":3,"href":"https:\/\/keeperinmotion.com\/es\/wp-json\/wp\/v2\/pages\/1609\/revisions"}],"predecessor-version":[{"id":2016,"href":"https:\/\/keeperinmotion.com\/es\/wp-json\/wp\/v2\/pages\/1609\/revisions\/2016"}],"wp:attachment":[{"href":"https:\/\/keeperinmotion.com\/es\/wp-json\/wp\/v2\/media?parent=1609"}],"curies":[{"name":"wp","href":"https:\/\/api.w.org\/{rel}","templated":true}]}}