{"id":1623,"date":"2024-03-12T15:38:46","date_gmt":"2024-03-12T14:38:46","guid":{"rendered":"https:\/\/keeperinmotion.com\/les-services\/kimcamp\/"},"modified":"2026-02-04T10:49:31","modified_gmt":"2026-02-04T09:49:31","slug":"kimcamp","status":"publish","type":"page","link":"https:\/\/keeperinmotion.com\/es\/servicios\/kimcamp","title":{"rendered":"KimCamp"},"content":{"rendered":"<div class=\"wpb-content-wrapper\"><p>[vc_row full_width=\u00bbstretch_row\u00bb css=\u00bb.vc_custom_1710410932106{padding-top: 200px !important;padding-bottom: 80px !important;}\u00bb el_class=\u00bbzindex10&#8243;][vc_column css_animation=\u00bbfadeInLeft\u00bb width=\u00bb5\/12&#8243;][vc_column_text el_class=\u00bbserviceskim\u00bb]SERVICES KIM[\/vc_column_text][vc_column_text]<\/p>\n<h1><span class=\"blanc\">KIMCAMP :<\/span><br \/>\n\u00a1Sum\u00e9rgete en<br \/>\nla acci\u00f3n!<\/h1>\n<p>[\/vc_column_text][vc_column_text el_class=\u00bbblanc gras paddingright200&#8243;]\u00danete a nosotros en nuestras reuniones peri\u00f3dicas dirigidas por academias expertas en entrenamiento de porteros. \u00a1Ven a perfeccionar tus metodolog\u00edas de entrenamiento para dominar todas las situaciones de juego![\/vc_column_text][\/vc_column][vc_column css_animation=\u00bbbounceInDown\u00bb width=\u00bb7\/12&#8243;][vc_single_image image=\u00bb2868&#8243; img_size=\u00bbmedium\u00bb alignment=\u00bbright\u00bb css=\u00bb\u00bb][vc_single_image image=\u00bb1864&#8243; img_size=\u00bblarge\u00bb alignment=\u00bbcenter\u00bb css=\u00bb\u00bb][\/vc_column][\/vc_row][vc_row full_width=\u00bbstretch_row\u00bb gap=\u00bb35&#8243; equal_height=\u00bbyes\u00bb content_placement=\u00bbmiddle\u00bb el_class=\u00bbdiagonal service1 zindex5&#8243;][vc_column width=\u00bb7\/12&#8243;][vc_single_image image=\u00bb2834&#8243; img_size=\u00bblarge\u00bb css=\u00bb\u00bb][\/vc_column][vc_column css_animation=\u00bbfadeInRight\u00bb width=\u00bb5\/12&#8243;][vc_column_text]<\/p>\n<h2><span class=\"blanc\">Concentraciones<\/span> dedicadas a los porteros de f\u00fatbol<\/h2>\n<p>[\/vc_column_text][vc_column_text el_class=\u00bbblanc light\u00bb]Los KIMCAMP te ofrecen una oportunidad \u00fanica de sumergirte en el mundo del coaching de porteros. Conoce a otros apasionados, intercambia ideas y perfecciona tus habilidades bajo la direcci\u00f3n de expertos en el campo.<\/p>\n<p>Ya sea que quieras mejorar tu enfoque para una situaci\u00f3n espec\u00edfica o explorar nuevas t\u00e9cnicas, los KIMCAMP est\u00e1n aqu\u00ed para ayudarte a alcanzar tus objetivos. \u00a1\u00danete a nosotros y dale un impulso a tu coaching de portero![\/vc_column_text][vc_btn title=\u00bbCont\u00e1ctenos\u00bb css=\u00bb.vc_custom_1770198568029{margin-top: 30px !important;}\u00bb link=\u00bburl:%23contact\u00bb][\/vc_column][\/vc_row][vc_row][vc_column][vc_empty_space height=\u00bb500px\u00bb][\/vc_column][\/vc_row][vc_row full_width=\u00bbstretch_row\u00bb content_placement=\u00bbtop\u00bb el_class=\u00bbdiagonal home4&#8243; el_id=\u00bbcontact\u00bb css=\u00bb.vc_custom_1710492825882{padding-top: 60px !important;}\u00bb][vc_column width=\u00bb5\/12&#8243;][vc_column_text el_class=\u00bbfs32 paddingright100&#8243;]<\/p>\n<h2><span class=\"blanc\">\u00bfEst\u00e1 interesado en KIMCAMPS o desea m\u00e1s informaci\u00f3n?<\/span><br \/>\nEstaremos encantados de hablarlo con usted.<\/h2>\n<p>[\/vc_column_text][\/vc_column][vc_column width=\u00bb6\/12&#8243; el_class=\u00bbpaddingright100&#8243;]\n<div class=\"wpcf7 no-js\" id=\"wpcf7-f1674-o1\" lang=\"fr-FR\" dir=\"ltr\" data-wpcf7-id=\"1674\">\n<div class=\"screen-reader-response\"><p role=\"status\" aria-live=\"polite\" aria-atomic=\"true\"><\/p> <ul><\/ul><\/div>\n<form action=\"\/es\/wp-json\/wp\/v2\/pages\/1623#wpcf7-f1674-o1\" method=\"post\" class=\"wpcf7-form init\" aria-label=\"Formulaire de contact\" novalidate=\"novalidate\" data-status=\"init\">\n<fieldset class=\"hidden-fields-container\"><input type=\"hidden\" name=\"_wpcf7\" value=\"1674\" \/><input type=\"hidden\" name=\"_wpcf7_version\" value=\"6.1.5\" \/><input type=\"hidden\" name=\"_wpcf7_locale\" value=\"fr_FR\" \/><input type=\"hidden\" name=\"_wpcf7_unit_tag\" value=\"wpcf7-f1674-o1\" \/><input type=\"hidden\" name=\"_wpcf7_container_post\" value=\"0\" \/><input type=\"hidden\" name=\"_wpcf7_posted_data_hash\" value=\"\" \/><input type=\"hidden\" name=\"_wpcf7dtx_version\" value=\"5.0.5\" \/><input type=\"hidden\" name=\"_wpcf7_recaptcha_response\" value=\"\" \/>\n<\/fieldset>\n<div class=\"prenom\">\n\t<p><span class=\"wpcf7-form-control-wrap\" data-name=\"prenom\"><input size=\"40\" maxlength=\"400\" class=\"wpcf7-form-control wpcf7-text wpcf7-validates-as-required\" aria-required=\"true\" aria-invalid=\"false\" placeholder=\"Su apellido\" value=\"\" type=\"text\" name=\"prenom\" \/><\/span>\n\t<\/p>\n<\/div>\n<div class=\"nom\">\n\t<p><span class=\"wpcf7-form-control-wrap\" data-name=\"nom\"><input size=\"40\" maxlength=\"400\" class=\"wpcf7-form-control wpcf7-text wpcf7-validates-as-required\" aria-required=\"true\" aria-invalid=\"false\" placeholder=\"Su nombre\" value=\"\" type=\"text\" name=\"nom\" \/><\/span>\n\t<\/p>\n<\/div>\n<div class=\"email\">\n\t<p><span class=\"wpcf7-form-control-wrap\" data-name=\"youremail\"><input size=\"40\" maxlength=\"400\" class=\"wpcf7-form-control wpcf7-email wpcf7-validates-as-required wpcf7-text wpcf7-validates-as-email\" autocomplete=\"email\" aria-required=\"true\" aria-invalid=\"false\" placeholder=\"Su correo electr\u00f3nico\" value=\"\" type=\"email\" name=\"youremail\" \/><\/span>\n\t<\/p>\n<\/div>\n<div class=\"message\">\n\t<p><span class=\"wpcf7-form-control-wrap\" data-name=\"yourmessage\"><textarea cols=\"40\" rows=\"10\" maxlength=\"2000\" class=\"wpcf7-form-control wpcf7-textarea\" aria-invalid=\"false\" placeholder=\"Su mensaje\" name=\"yourmessage\"><\/textarea><\/span>\n\t<\/p>\n<\/div>\n<div class=\"validation\">\n\t<p><span class=\"wpcf7-form-control-wrap\" data-name=\"validation\"><span class=\"wpcf7-form-control wpcf7-checkbox wpcf7-validates-as-required\"><span class=\"wpcf7-list-item first last\"><label><input type=\"checkbox\" name=\"validation[]\" value=\"Al utilizar este formulario de contacto, acepta que Kim almacene y utilice sus datos de acuerdo con nuestra pol\u00edtica de privacidad.\" \/><span class=\"wpcf7-list-item-label\">Al utilizar este formulario de contacto, acepta que Kim almacene y utilice sus datos de acuerdo con nuestra pol\u00edtica de privacidad.<\/span><\/label><\/span><\/span><\/span>\n\t<\/p>\n<\/div>\n<div class=\"envoi\">\n\t<p><input class=\"wpcf7-form-control wpcf7-submit has-spinner\" type=\"submit\" value=\"Enviar\" \/>\n\t<\/p>\n<\/div><div class=\"wpcf7-response-output\" aria-hidden=\"true\"><\/div>\n<\/form>\n<\/div>\n[\/vc_column][\/vc_row]<\/p>\n<\/div>","protected":false},"excerpt":{"rendered":"<p>[vc_row full_width=\u00bbstretch_row\u00bb css=\u00bb.vc_custom_1710410932106{padding-top: 200px !important;padding-bottom: 80px !important;}\u00bb el_class=\u00bbzindex10&#8243;][vc_column [...]","protected":false},"author":1,"featured_media":0,"parent":1607,"menu_order":3,"comment_status":"closed","ping_status":"closed","template":"","meta":{"_acf_changed":false,"footnotes":""},"class_list":["post-1623","page","type-page","status-publish","hentry"],"acf":[],"yoast_head":"<!-- This site is optimized with the Yoast SEO plugin v27.4 - https:\/\/yoast.com\/product\/yoast-seo-wordpress\/ -->\n<title>KimCamp - Keeper in Motion<\/title>\n<meta name=\"robots\" content=\"index, follow, max-snippet:-1, max-image-preview:large, max-video-preview:-1\" \/>\n<link rel=\"canonical\" href=\"https:\/\/keeperinmotion.com\/les-services\/kimcamp\" \/>\n<meta property=\"og:locale\" content=\"es_ES\" \/>\n<meta property=\"og:type\" content=\"article\" \/>\n<meta property=\"og:title\" content=\"KimCamp - Keeper in Motion\" \/>\n<meta property=\"og:description\" content=\"[vc_row full_width=\u00bbstretch_row\u00bb css=\u00bb.vc_custom_1710410932106{padding-top: 200px !important;padding-bottom: 80px !important;}\u00bb el_class=\u00bbzindex10&#8243;][vc_column css_animation=\u00bbfadeInLeft\u00bb width=\u00bb5\/12&#8243;][vc_column_text el_class=\u00bbserviceskim\u00bb]SERVICES KIM[\/vc_column_text][vc_column_text] KIMCAMP : \u00a1Sum\u00e9rgete en la acci\u00f3n! [\/vc_column_text][vc_column_text el_class=\u00bbblanc gras paddingright200&#8243;]\u00danete a nosotros en nuestras reuniones peri\u00f3dicas dirigidas por academias expertas en entrenamiento de porteros. \u00a1Ven a perfeccionar tus metodolog\u00edas de entrenamiento para dominar todas las situaciones de juego![\/vc_column_text][\/vc_column][vc_column css_animation=\u00bbbounceInDown\u00bb width=\u00bb7\/12&#8243;][vc_single_image image=\u00bb2868&#8243; img_size=\u00bbmedium\u00bb alignment=\u00bbright\u00bb [&hellip;]\" \/>\n<meta property=\"og:url\" content=\"https:\/\/keeperinmotion.com\/les-services\/kimcamp\" \/>\n<meta property=\"og:site_name\" content=\"Keeper in Motion\" \/>\n<meta property=\"article:publisher\" content=\"https:\/\/www.facebook.com\/profile.php?id=100089478548716\" \/>\n<meta property=\"article:modified_time\" content=\"2026-02-04T09:49:31+00:00\" \/>\n<meta name=\"twitter:card\" content=\"summary_large_image\" \/>\n<meta name=\"twitter:label1\" content=\"Tiempo de lectura\" \/>\n\t<meta name=\"twitter:data1\" content=\"1 minuto\" \/>\n<script type=\"application\/ld+json\" class=\"yoast-schema-graph\">{\"@context\":\"https:\\\/\\\/schema.org\",\"@graph\":[{\"@type\":\"WebPage\",\"@id\":\"https:\\\/\\\/keeperinmotion.com\\\/les-services\\\/kimcamp\",\"url\":\"https:\\\/\\\/keeperinmotion.com\\\/les-services\\\/kimcamp\",\"name\":\"KimCamp - Keeper in Motion\",\"isPartOf\":{\"@id\":\"https:\\\/\\\/keeperinmotion.com\\\/#website\"},\"datePublished\":\"2024-03-12T14:38:46+00:00\",\"dateModified\":\"2026-02-04T09:49:31+00:00\",\"breadcrumb\":{\"@id\":\"https:\\\/\\\/keeperinmotion.com\\\/les-services\\\/kimcamp#breadcrumb\"},\"inLanguage\":\"es\",\"potentialAction\":[{\"@type\":\"ReadAction\",\"target\":[\"https:\\\/\\\/keeperinmotion.com\\\/les-services\\\/kimcamp\"]}]},{\"@type\":\"BreadcrumbList\",\"@id\":\"https:\\\/\\\/keeperinmotion.com\\\/les-services\\\/kimcamp#breadcrumb\",\"itemListElement\":[{\"@type\":\"ListItem\",\"position\":1,\"name\":\"Accueil\",\"item\":\"https:\\\/\\\/keeperinmotion.com\\\/es\"},{\"@type\":\"ListItem\",\"position\":2,\"name\":\"Servicios\",\"item\":\"https:\\\/\\\/keeperinmotion.com\\\/es\\\/servicios\"},{\"@type\":\"ListItem\",\"position\":3,\"name\":\"KimCamp\"}]},{\"@type\":\"WebSite\",\"@id\":\"https:\\\/\\\/keeperinmotion.com\\\/#website\",\"url\":\"https:\\\/\\\/keeperinmotion.com\\\/\",\"name\":\"KIM - Keeper in Motion\",\"description\":\"Goal Keeper are with Keeper in Motion\",\"publisher\":{\"@id\":\"https:\\\/\\\/keeperinmotion.com\\\/#organization\"},\"alternateName\":\"KIM BOARD\",\"potentialAction\":[{\"@type\":\"SearchAction\",\"target\":{\"@type\":\"EntryPoint\",\"urlTemplate\":\"https:\\\/\\\/keeperinmotion.com\\\/?s={search_term_string}\"},\"query-input\":{\"@type\":\"PropertyValueSpecification\",\"valueRequired\":true,\"valueName\":\"search_term_string\"}}],\"inLanguage\":\"es\"},{\"@type\":\"Organization\",\"@id\":\"https:\\\/\\\/keeperinmotion.com\\\/#organization\",\"name\":\"Keeper in Motion\",\"alternateName\":\"KIM\",\"url\":\"https:\\\/\\\/keeperinmotion.com\\\/\",\"logo\":{\"@type\":\"ImageObject\",\"inLanguage\":\"es\",\"@id\":\"https:\\\/\\\/keeperinmotion.com\\\/#\\\/schema\\\/logo\\\/image\\\/\",\"url\":\"https:\\\/\\\/keeperinmotion.com\\\/wp-content\\\/uploads\\\/2025\\\/01\\\/kim.png\",\"contentUrl\":\"https:\\\/\\\/keeperinmotion.com\\\/wp-content\\\/uploads\\\/2025\\\/01\\\/kim.png\",\"width\":700,\"height\":700,\"caption\":\"Keeper in Motion\"},\"image\":{\"@id\":\"https:\\\/\\\/keeperinmotion.com\\\/#\\\/schema\\\/logo\\\/image\\\/\"},\"sameAs\":[\"https:\\\/\\\/www.facebook.com\\\/profile.php?id=100089478548716\",\"https:\\\/\\\/www.instagram.com\\\/keeperinmotion\\\/\"]}]}<\/script>\n<!-- \/ Yoast SEO plugin. -->","yoast_head_json":{"title":"KimCamp - Keeper in Motion","robots":{"index":"index","follow":"follow","max-snippet":"max-snippet:-1","max-image-preview":"max-image-preview:large","max-video-preview":"max-video-preview:-1"},"canonical":"https:\/\/keeperinmotion.com\/les-services\/kimcamp","og_locale":"es_ES","og_type":"article","og_title":"KimCamp - Keeper in Motion","og_description":"[vc_row full_width=\u00bbstretch_row\u00bb css=\u00bb.vc_custom_1710410932106{padding-top: 200px !important;padding-bottom: 80px !important;}\u00bb el_class=\u00bbzindex10&#8243;][vc_column css_animation=\u00bbfadeInLeft\u00bb width=\u00bb5\/12&#8243;][vc_column_text el_class=\u00bbserviceskim\u00bb]SERVICES KIM[\/vc_column_text][vc_column_text] KIMCAMP : \u00a1Sum\u00e9rgete en la acci\u00f3n! [\/vc_column_text][vc_column_text el_class=\u00bbblanc gras paddingright200&#8243;]\u00danete a nosotros en nuestras reuniones peri\u00f3dicas dirigidas por academias expertas en entrenamiento de porteros. \u00a1Ven a perfeccionar tus metodolog\u00edas de entrenamiento para dominar todas las situaciones de juego![\/vc_column_text][\/vc_column][vc_column css_animation=\u00bbbounceInDown\u00bb width=\u00bb7\/12&#8243;][vc_single_image image=\u00bb2868&#8243; img_size=\u00bbmedium\u00bb alignment=\u00bbright\u00bb [&hellip;]","og_url":"https:\/\/keeperinmotion.com\/les-services\/kimcamp","og_site_name":"Keeper in Motion","article_publisher":"https:\/\/www.facebook.com\/profile.php?id=100089478548716","article_modified_time":"2026-02-04T09:49:31+00:00","twitter_card":"summary_large_image","twitter_misc":{"Tiempo de lectura":"1 minuto"},"schema":{"@context":"https:\/\/schema.org","@graph":[{"@type":"WebPage","@id":"https:\/\/keeperinmotion.com\/les-services\/kimcamp","url":"https:\/\/keeperinmotion.com\/les-services\/kimcamp","name":"KimCamp - Keeper in Motion","isPartOf":{"@id":"https:\/\/keeperinmotion.com\/#website"},"datePublished":"2024-03-12T14:38:46+00:00","dateModified":"2026-02-04T09:49:31+00:00","breadcrumb":{"@id":"https:\/\/keeperinmotion.com\/les-services\/kimcamp#breadcrumb"},"inLanguage":"es","potentialAction":[{"@type":"ReadAction","target":["https:\/\/keeperinmotion.com\/les-services\/kimcamp"]}]},{"@type":"BreadcrumbList","@id":"https:\/\/keeperinmotion.com\/les-services\/kimcamp#breadcrumb","itemListElement":[{"@type":"ListItem","position":1,"name":"Accueil","item":"https:\/\/keeperinmotion.com\/es"},{"@type":"ListItem","position":2,"name":"Servicios","item":"https:\/\/keeperinmotion.com\/es\/servicios"},{"@type":"ListItem","position":3,"name":"KimCamp"}]},{"@type":"WebSite","@id":"https:\/\/keeperinmotion.com\/#website","url":"https:\/\/keeperinmotion.com\/","name":"KIM - Keeper in Motion","description":"Goal Keeper are with Keeper in Motion","publisher":{"@id":"https:\/\/keeperinmotion.com\/#organization"},"alternateName":"KIM BOARD","potentialAction":[{"@type":"SearchAction","target":{"@type":"EntryPoint","urlTemplate":"https:\/\/keeperinmotion.com\/?s={search_term_string}"},"query-input":{"@type":"PropertyValueSpecification","valueRequired":true,"valueName":"search_term_string"}}],"inLanguage":"es"},{"@type":"Organization","@id":"https:\/\/keeperinmotion.com\/#organization","name":"Keeper in Motion","alternateName":"KIM","url":"https:\/\/keeperinmotion.com\/","logo":{"@type":"ImageObject","inLanguage":"es","@id":"https:\/\/keeperinmotion.com\/#\/schema\/logo\/image\/","url":"https:\/\/keeperinmotion.com\/wp-content\/uploads\/2025\/01\/kim.png","contentUrl":"https:\/\/keeperinmotion.com\/wp-content\/uploads\/2025\/01\/kim.png","width":700,"height":700,"caption":"Keeper in Motion"},"image":{"@id":"https:\/\/keeperinmotion.com\/#\/schema\/logo\/image\/"},"sameAs":["https:\/\/www.facebook.com\/profile.php?id=100089478548716","https:\/\/www.instagram.com\/keeperinmotion\/"]}]}},"_links":{"self":[{"href":"https:\/\/keeperinmotion.com\/es\/wp-json\/wp\/v2\/pages\/1623","targetHints":{"allow":["GET"]}}],"collection":[{"href":"https:\/\/keeperinmotion.com\/es\/wp-json\/wp\/v2\/pages"}],"about":[{"href":"https:\/\/keeperinmotion.com\/es\/wp-json\/wp\/v2\/types\/page"}],"author":[{"embeddable":true,"href":"https:\/\/keeperinmotion.com\/es\/wp-json\/wp\/v2\/users\/1"}],"replies":[{"embeddable":true,"href":"https:\/\/keeperinmotion.com\/es\/wp-json\/wp\/v2\/comments?post=1623"}],"version-history":[{"count":13,"href":"https:\/\/keeperinmotion.com\/es\/wp-json\/wp\/v2\/pages\/1623\/revisions"}],"predecessor-version":[{"id":4522,"href":"https:\/\/keeperinmotion.com\/es\/wp-json\/wp\/v2\/pages\/1623\/revisions\/4522"}],"up":[{"embeddable":true,"href":"https:\/\/keeperinmotion.com\/es\/wp-json\/wp\/v2\/pages\/1607"}],"wp:attachment":[{"href":"https:\/\/keeperinmotion.com\/es\/wp-json\/wp\/v2\/media?parent=1623"}],"curies":[{"name":"wp","href":"https:\/\/api.w.org\/{rel}","templated":true}]}}