{"id":1629,"date":"2024-03-12T15:39:26","date_gmt":"2024-03-12T14:39:26","guid":{"rendered":"https:\/\/keeperinmotion.com\/partenaires\/"},"modified":"2026-02-02T15:51:18","modified_gmt":"2026-02-02T14:51:18","slug":"socios","status":"publish","type":"page","link":"https:\/\/keeperinmotion.com\/es\/socios","title":{"rendered":"Socios"},"content":{"rendered":"<div class=\"wpb-content-wrapper\"><p>[vc_row full_width=\u00bbstretch_row\u00bb css=\u00bb.vc_custom_1710422166345{padding-top: 200px !important;}\u00bb el_class=\u00bbzindex10&#8243;][vc_column css_animation=\u00bbfadeInLeft\u00bb width=\u00bb5\/12&#8243;][vc_column_text el_class=\u00bbserviceskim\u00bb]SOCIOS[\/vc_column_text][vc_column_text]<\/p>\n<h1><span class=\"blanc\">Juntos<\/span><br \/>\nvamos<br \/>\nm\u00e1s lejos<\/h1>\n<p>[\/vc_column_text][vc_column_text el_class=\u00bbblanc gras paddingright200&#8243;]Con KIM-Keeper In Motion, ofrecemos una aplicaci\u00f3n \u00fanica para evaluar el rendimiento de los porteros.<\/p>\n<p>Para ofrecerte una valiosa soluci\u00f3n integral, nos hemos rodeado de un ecosistema de socios y embajadores de confianza de la aplicaci\u00f3n KIM.[\/vc_column_text][\/vc_column][vc_column width=\u00bb7\/12&#8243;][\/vc_column][\/vc_row][vc_column][\/vc_column][vc_column_text][\/vc_column_text][vc_row full_width=\u00bbstretch_row\u00bb gap=\u00bb35&#8243; equal_height=\u00bbyes\u00bb content_placement=\u00bbmiddle\u00bb el_class=\u00bbdiagonal partner zindex5&#8243; css=\u00bb.vc_custom_1710422662487{margin-top: -50px !important;}\u00bb][vc_column][vc_row_inner][vc_column_inner width=\u00bb7\/12&#8243;][\/vc_column_inner][vc_column_inner width=\u00bb5\/12&#8243;][vc_column_text css_animation=\u00bbfadeInRight\u00bb]<\/p>\n<h2>SOCIOS<\/h2>\n<p>[\/vc_column_text][vc_column_text css_animation=\u00bbfadeInRight\u00bb el_class=\u00bbblanc light\u00bb]Nuestros socios son organizaciones y personas con las que mantenemos v\u00ednculos muy estrechos y cuyos conocimientos, competencias o t\u00e9cnicas son \u00fanicos.<\/p>\n<p>Ponen su experiencia al servicio de la calidad de nuestra aplicaci\u00f3n.[\/vc_column_text][\/vc_column_inner][\/vc_row_inner][vc_row_inner css=\u00bb.vc_custom_1712824572241{padding-top: 50px !important;}\u00bb el_class=\u00bbpartners200&#8243;][vc_column_inner width=\u00bb1\/12&#8243;][\/vc_column_inner][vc_column_inner width=\u00bb1\/5&#8243;][vc_single_image image=\u00bb1571&#8243; img_size=\u00bbfull\u00bb alignment=\u00bbcenter\u00bb onclick=\u00bbcustom_link\u00bb img_link_target=\u00bb_blank\u00bb link=\u00bbhttps:\/\/district75foot.fff.fr\/\u00bb][\/vc_column_inner][vc_column_inner width=\u00bb1\/5&#8243;][vc_single_image image=\u00bb3733&#8243; img_size=\u00bbfull\u00bb alignment=\u00bbcenter\u00bb onclick=\u00bbcustom_link\u00bb img_link_target=\u00bb_blank\u00bb css=\u00bb\u00bb][\/vc_column_inner][vc_column_inner width=\u00bb1\/5&#8243;][vc_single_image image=\u00bb1573&#8243; img_size=\u00bbfull\u00bb alignment=\u00bbcenter\u00bb onclick=\u00bbcustom_link\u00bb img_link_target=\u00bb_blank\u00bb link=\u00bbhttps:\/\/www.sportsly.fr\/\u00bb][\/vc_column_inner][\/vc_row_inner][\/vc_column][\/vc_row][vc_column][\/vc_column][vc_column_text][\/vc_column_text][vc_column][\/vc_column][vc_column_text][\/vc_column_text][vc_column][\/vc_column][vc_row_inner][\/vc_row_inner][vc_column_inner width=\u00bb1\/3&#8243;][vc_column_text css_animation=\u00bbfadeInLeft\u00bb el_class=\u00bbshadow\u00bb]<\/p>\n<h2>Clubes de embajadores<br \/>\ny entrenadores<\/h2>\n<p>[\/vc_column_text][vc_column_text css_animation=\u00bbfadeInLeft\u00bb el_class=\u00bbblanc gras\u00bb]Los clubes y entrenadores embajadores tienen un aura especial en la regi\u00f3n o el nivel en el que juegan.<\/p>\n<p>Al haber adoptado la aplicaci\u00f3n KIM, ahora est\u00e1n en condiciones de compartir su experiencia contigo.[\/vc_column_text][\/vc_column_inner][vc_column_inner width=\u00bb2\/3&#8243;][\/vc_column_inner][vc_row_inner el_class=\u00bbpartners\u00bb][vc_column_inner]<div id=\"ult-carousel-187632430469df936371de9\" class=\"ult-carousel-wrapper  partners ult_horizontal\" data-gutter=\"20\" data-rtl=\"false\" ><div class=\"ult-carousel-214710302569df936371d30 \" >[vc_single_image image=\u00bb1541&#8243; img_size=\u00bbfull\u00bb alignment=\u00bbcenter\u00bb onclick=\u00bbcustom_link\u00bb img_link_target=\u00bb_blank\u00bb link=\u00bbhttps:\/\/www.strikersfcnorth.com\u00bb][vc_single_image image=\u00bb1545&#8243; img_size=\u00bbfull\u00bb alignment=\u00bbcenter\u00bb onclick=\u00bbcustom_link\u00bb img_link_target=\u00bb_blank\u00bb link=\u00bbhttps:\/\/www.fc-annecy.fr\/\u00bb][vc_single_image image=\u00bb1543&#8243; img_size=\u00bbfull\u00bb alignment=\u00bbcenter\u00bb onclick=\u00bbcustom_link\u00bb img_link_target=\u00bb_blank\u00bb link=\u00bbhttps:\/\/ligabrasileiradegoleiros.com\/\u00bb][vc_single_image image=\u00bb1547&#8243; img_size=\u00bbfull\u00bb alignment=\u00bbcenter\u00bb onclick=\u00bbcustom_link\u00bb img_link_target=\u00bb_blank\u00bb link=\u00bbhttps:\/\/etoile-carouge.ch\/\u00bb][vc_single_image image=\u00bb1537&#8243; img_size=\u00bbfull\u00bb alignment=\u00bbcenter\u00bb onclick=\u00bbcustom_link\u00bb img_link_target=\u00bb_blank\u00bb link=\u00bbhttps:\/\/xamax.ch\/\u00bb][vc_single_image image=\u00bb2002&#8243; img_size=\u00bbfull\u00bb alignment=\u00bbcenter\u00bb onclick=\u00bbcustom_link\u00bb img_link_target=\u00bb_blank\u00bb link=\u00bbhttps:\/\/servettefc.ch\/\u00bb][vc_single_image image=\u00bb2031&#8243; img_size=\u00bbfull\u00bb alignment=\u00bbcenter\u00bb onclick=\u00bbcustom_link\u00bb img_link_target=\u00bb_blank\u00bb link=\u00bbhttps:\/\/www.strikersfcnorth.com\/\u00bb][vc_single_image image=\u00bb2005&#8243; img_size=\u00bbfull\u00bb alignment=\u00bbcenter\u00bb onclick=\u00bbcustom_link\u00bb img_link_target=\u00bb_blank\u00bb link=\u00bbhttps:\/\/www.instagram.com\/gagathalmann\/?hl=fr\u00bb]<\/div><\/div>\t\t\t<script type=\"text\/javascript\">\n\t\t\t\tjQuery(document).ready(function ($) {\n\t\t\t\t\tif( typeof jQuery('.ult-carousel-214710302569df936371d30').slick == \"function\"){\n\t\t\t\t\t\t$('.ult-carousel-214710302569df936371d30').slick({dots: true,autoplay: true,autoplaySpeed: \"3000\",speed: \"300\",infinite: true,arrows: false,slidesToScroll:1,slidesToShow:6,swipe: true,draggable: true,touchMove: true,pauseOnHover: true,pauseOnFocus: false,responsive: [\n\t\t\t\t\t\t\t{\n\t\t\t\t\t\t\t  breakpoint: 1026,\n\t\t\t\t\t\t\t  settings: {\n\t\t\t\t\t\t\t\tslidesToShow: 6,\n\t\t\t\t\t\t\t\tslidesToScroll: 1,  \n\t\t\t\t\t\t\t  }\n\t\t\t\t\t\t\t},\n\t\t\t\t\t\t\t{\n\t\t\t\t\t\t\t  breakpoint: 1025,\n\t\t\t\t\t\t\t  settings: {\n\t\t\t\t\t\t\t\tslidesToShow: 4,\n\t\t\t\t\t\t\t\tslidesToScroll: 1\n\t\t\t\t\t\t\t  }\n\t\t\t\t\t\t\t},\n\t\t\t\t\t\t\t{\n\t\t\t\t\t\t\t  breakpoint: 760,\n\t\t\t\t\t\t\t  settings: {\n\t\t\t\t\t\t\t\tslidesToShow: 3,\n\t\t\t\t\t\t\t\tslidesToScroll: 1\n\t\t\t\t\t\t\t  }\n\t\t\t\t\t\t\t}\n\t\t\t\t\t\t],pauseOnDotsHover: true,customPaging: function(slider, i) {\n                   return '<i type=\"button\" style= \"color:#333333;\" class=\"ultsl-radio-unchecked\" data-role=\"none\"><\/i>';\n                },});\n\t\t\t\t\t}\n\t\t\t\t});\n\t\t\t<\/script>\n\t\t\t[\/vc_column_inner][\/vc_row_inner][vc_row full_width=\u00bbstretch_row\u00bb content_placement=\u00bbtop\u00bb el_class=\u00bbdiagonal home4&#8243; el_id=\u00bbcontact\u00bb css=\u00bb.vc_custom_1710493080787{padding-top: 60px !important;}\u00bb][vc_column width=\u00bb5\/12&#8243;][vc_column_text el_class=\u00bbfs32 paddingright100&#8243;]<\/p>\n<h2><span class=\"blanc\">\u00bfLe interesa asociarse a KIM?<\/span><br \/>\nEstaremos encantados de hablarlo con usted.<\/h2>\n<p>[\/vc_column_text][\/vc_column][vc_column width=\u00bb6\/12&#8243; el_class=\u00bbpaddingright100&#8243;]\n<div class=\"wpcf7 no-js\" id=\"wpcf7-f1674-o1\" lang=\"fr-FR\" dir=\"ltr\" data-wpcf7-id=\"1674\">\n<div class=\"screen-reader-response\"><p role=\"status\" aria-live=\"polite\" aria-atomic=\"true\"><\/p> <ul><\/ul><\/div>\n<form action=\"\/es\/wp-json\/wp\/v2\/pages\/1629#wpcf7-f1674-o1\" method=\"post\" class=\"wpcf7-form init\" aria-label=\"Formulaire de contact\" novalidate=\"novalidate\" data-status=\"init\">\n<fieldset class=\"hidden-fields-container\"><input type=\"hidden\" name=\"_wpcf7\" value=\"1674\" \/><input type=\"hidden\" name=\"_wpcf7_version\" value=\"6.1.5\" \/><input type=\"hidden\" name=\"_wpcf7_locale\" value=\"fr_FR\" \/><input type=\"hidden\" name=\"_wpcf7_unit_tag\" value=\"wpcf7-f1674-o1\" \/><input type=\"hidden\" name=\"_wpcf7_container_post\" value=\"0\" \/><input type=\"hidden\" name=\"_wpcf7_posted_data_hash\" value=\"\" \/><input type=\"hidden\" name=\"_wpcf7dtx_version\" value=\"5.0.5\" \/><input type=\"hidden\" name=\"_wpcf7_recaptcha_response\" value=\"\" \/>\n<\/fieldset>\n<div class=\"prenom\">\n\t<p><span class=\"wpcf7-form-control-wrap\" data-name=\"prenom\"><input size=\"40\" maxlength=\"400\" class=\"wpcf7-form-control wpcf7-text wpcf7-validates-as-required\" aria-required=\"true\" aria-invalid=\"false\" placeholder=\"Su apellido\" value=\"\" type=\"text\" name=\"prenom\" \/><\/span>\n\t<\/p>\n<\/div>\n<div class=\"nom\">\n\t<p><span class=\"wpcf7-form-control-wrap\" data-name=\"nom\"><input size=\"40\" maxlength=\"400\" class=\"wpcf7-form-control wpcf7-text wpcf7-validates-as-required\" aria-required=\"true\" aria-invalid=\"false\" placeholder=\"Su nombre\" value=\"\" type=\"text\" name=\"nom\" \/><\/span>\n\t<\/p>\n<\/div>\n<div class=\"email\">\n\t<p><span class=\"wpcf7-form-control-wrap\" data-name=\"youremail\"><input size=\"40\" maxlength=\"400\" class=\"wpcf7-form-control wpcf7-email wpcf7-validates-as-required wpcf7-text wpcf7-validates-as-email\" autocomplete=\"email\" aria-required=\"true\" aria-invalid=\"false\" placeholder=\"Su correo electr\u00f3nico\" value=\"\" type=\"email\" name=\"youremail\" \/><\/span>\n\t<\/p>\n<\/div>\n<div class=\"message\">\n\t<p><span class=\"wpcf7-form-control-wrap\" data-name=\"yourmessage\"><textarea cols=\"40\" rows=\"10\" maxlength=\"2000\" class=\"wpcf7-form-control wpcf7-textarea\" aria-invalid=\"false\" placeholder=\"Su mensaje\" name=\"yourmessage\"><\/textarea><\/span>\n\t<\/p>\n<\/div>\n<div class=\"validation\">\n\t<p><span class=\"wpcf7-form-control-wrap\" data-name=\"validation\"><span class=\"wpcf7-form-control wpcf7-checkbox wpcf7-validates-as-required\"><span class=\"wpcf7-list-item first last\"><label><input type=\"checkbox\" name=\"validation[]\" value=\"Al utilizar este formulario de contacto, acepta que Kim almacene y utilice sus datos de acuerdo con nuestra pol\u00edtica de privacidad.\" \/><span class=\"wpcf7-list-item-label\">Al utilizar este formulario de contacto, acepta que Kim almacene y utilice sus datos de acuerdo con nuestra pol\u00edtica de privacidad.<\/span><\/label><\/span><\/span><\/span>\n\t<\/p>\n<\/div>\n<div class=\"envoi\">\n\t<p><input class=\"wpcf7-form-control wpcf7-submit has-spinner\" type=\"submit\" value=\"Enviar\" \/>\n\t<\/p>\n<\/div><div class=\"wpcf7-response-output\" aria-hidden=\"true\"><\/div>\n<\/form>\n<\/div>\n[\/vc_column][vc_row][\/vc_row][\/vc_row][vc_row][vc_column][\/vc_column][vc_column_text]<\/p>\n<p>I am text block. Click edit button to change this text. Lorem ipsum dolor sit amet, consectetur adipiscing elit. Ut elit tellus, luctus nec ullamcorper mattis, pulvinar dapibus leo.<\/p>\n<p>[\/vc_column_text][\/vc_row][vc_row][vc_column][\/vc_column][vc_column_text]<\/p>\n<p>I am text block. Click edit button to change this text. Lorem ipsum dolor sit amet, consectetur adipiscing elit. Ut elit tellus, luctus nec ullamcorper mattis, pulvinar dapibus leo.<\/p>\n<p>[\/vc_column_text][\/vc_row][vc_row][vc_column][\/vc_column][vc_column_text]<\/p>\n<p>I am text block. Click edit button to change this text. Lorem ipsum dolor sit amet, consectetur adipiscing elit. Ut elit tellus, luctus nec ullamcorper mattis, pulvinar dapibus leo.<\/p>\n<p>[\/vc_column_text][\/vc_row][vc_column][\/vc_column][vc_column_text][\/vc_column_text]<\/p>\n<\/div>","protected":false},"excerpt":{"rendered":"<p>[vc_row full_width=\u00bbstretch_row\u00bb css=\u00bb.vc_custom_1710422166345{padding-top: 200px !important;}\u00bb el_class=\u00bbzindex10&#8243;][vc_column css_animation=\u00bbfadeInLeft\u00bb [...]","protected":false},"author":1,"featured_media":0,"parent":0,"menu_order":0,"comment_status":"closed","ping_status":"closed","template":"","meta":{"_acf_changed":false,"footnotes":""},"class_list":["post-1629","page","type-page","status-publish","hentry"],"acf":[],"yoast_head":"<!-- This site is optimized with the Yoast SEO plugin v27.4 - https:\/\/yoast.com\/product\/yoast-seo-wordpress\/ -->\n<title>Socios - Keeper in Motion<\/title>\n<meta name=\"robots\" content=\"index, follow, max-snippet:-1, max-image-preview:large, max-video-preview:-1\" \/>\n<link rel=\"canonical\" href=\"https:\/\/keeperinmotion.com\/partenaires\" \/>\n<meta property=\"og:locale\" content=\"es_ES\" \/>\n<meta property=\"og:type\" content=\"article\" \/>\n<meta property=\"og:title\" content=\"Socios - Keeper in Motion\" \/>\n<meta property=\"og:description\" content=\"[vc_row full_width=\u00bbstretch_row\u00bb css=\u00bb.vc_custom_1710422166345{padding-top: 200px !important;}\u00bb el_class=\u00bbzindex10&#8243;][vc_column css_animation=\u00bbfadeInLeft\u00bb width=\u00bb5\/12&#8243;][vc_column_text el_class=\u00bbserviceskim\u00bb]SOCIOS[\/vc_column_text][vc_column_text] Juntos vamos m\u00e1s lejos [\/vc_column_text][vc_column_text el_class=\u00bbblanc gras paddingright200&#8243;]Con KIM-Keeper In Motion, ofrecemos una aplicaci\u00f3n \u00fanica para evaluar el rendimiento de los porteros. Para ofrecerte una valiosa soluci\u00f3n integral, nos hemos rodeado de un ecosistema de socios y embajadores de confianza de la aplicaci\u00f3n KIM.[\/vc_column_text][\/vc_column][vc_column width=\u00bb7\/12&#8243;][\/vc_column][\/vc_row][vc_column][\/vc_column][vc_column_text][\/vc_column_text][vc_row full_width=\u00bbstretch_row\u00bb [&hellip;]\" \/>\n<meta property=\"og:url\" content=\"https:\/\/keeperinmotion.com\/partenaires\" \/>\n<meta property=\"og:site_name\" content=\"Keeper in Motion\" \/>\n<meta property=\"article:publisher\" content=\"https:\/\/www.facebook.com\/profile.php?id=100089478548716\" \/>\n<meta property=\"article:modified_time\" content=\"2026-02-02T14:51:18+00:00\" \/>\n<meta name=\"twitter:card\" content=\"summary_large_image\" \/>\n<meta name=\"twitter:label1\" content=\"Tiempo de lectura\" \/>\n\t<meta name=\"twitter:data1\" content=\"4 minutos\" \/>\n<script type=\"application\/ld+json\" class=\"yoast-schema-graph\">{\"@context\":\"https:\\\/\\\/schema.org\",\"@graph\":[{\"@type\":\"WebPage\",\"@id\":\"https:\\\/\\\/keeperinmotion.com\\\/partenaires\",\"url\":\"https:\\\/\\\/keeperinmotion.com\\\/partenaires\",\"name\":\"Socios - Keeper in Motion\",\"isPartOf\":{\"@id\":\"https:\\\/\\\/keeperinmotion.com\\\/#website\"},\"datePublished\":\"2024-03-12T14:39:26+00:00\",\"dateModified\":\"2026-02-02T14:51:18+00:00\",\"breadcrumb\":{\"@id\":\"https:\\\/\\\/keeperinmotion.com\\\/partenaires#breadcrumb\"},\"inLanguage\":\"es\",\"potentialAction\":[{\"@type\":\"ReadAction\",\"target\":[\"https:\\\/\\\/keeperinmotion.com\\\/partenaires\"]}]},{\"@type\":\"BreadcrumbList\",\"@id\":\"https:\\\/\\\/keeperinmotion.com\\\/partenaires#breadcrumb\",\"itemListElement\":[{\"@type\":\"ListItem\",\"position\":1,\"name\":\"Accueil\",\"item\":\"https:\\\/\\\/keeperinmotion.com\\\/es\"},{\"@type\":\"ListItem\",\"position\":2,\"name\":\"Socios\"}]},{\"@type\":\"WebSite\",\"@id\":\"https:\\\/\\\/keeperinmotion.com\\\/#website\",\"url\":\"https:\\\/\\\/keeperinmotion.com\\\/\",\"name\":\"KIM - Keeper in Motion\",\"description\":\"Goal Keeper are with Keeper in Motion\",\"publisher\":{\"@id\":\"https:\\\/\\\/keeperinmotion.com\\\/#organization\"},\"alternateName\":\"KIM BOARD\",\"potentialAction\":[{\"@type\":\"SearchAction\",\"target\":{\"@type\":\"EntryPoint\",\"urlTemplate\":\"https:\\\/\\\/keeperinmotion.com\\\/?s={search_term_string}\"},\"query-input\":{\"@type\":\"PropertyValueSpecification\",\"valueRequired\":true,\"valueName\":\"search_term_string\"}}],\"inLanguage\":\"es\"},{\"@type\":\"Organization\",\"@id\":\"https:\\\/\\\/keeperinmotion.com\\\/#organization\",\"name\":\"Keeper in Motion\",\"alternateName\":\"KIM\",\"url\":\"https:\\\/\\\/keeperinmotion.com\\\/\",\"logo\":{\"@type\":\"ImageObject\",\"inLanguage\":\"es\",\"@id\":\"https:\\\/\\\/keeperinmotion.com\\\/#\\\/schema\\\/logo\\\/image\\\/\",\"url\":\"https:\\\/\\\/keeperinmotion.com\\\/wp-content\\\/uploads\\\/2025\\\/01\\\/kim.png\",\"contentUrl\":\"https:\\\/\\\/keeperinmotion.com\\\/wp-content\\\/uploads\\\/2025\\\/01\\\/kim.png\",\"width\":700,\"height\":700,\"caption\":\"Keeper in Motion\"},\"image\":{\"@id\":\"https:\\\/\\\/keeperinmotion.com\\\/#\\\/schema\\\/logo\\\/image\\\/\"},\"sameAs\":[\"https:\\\/\\\/www.facebook.com\\\/profile.php?id=100089478548716\",\"https:\\\/\\\/www.instagram.com\\\/keeperinmotion\\\/\"]}]}<\/script>\n<!-- \/ Yoast SEO plugin. -->","yoast_head_json":{"title":"Socios - Keeper in Motion","robots":{"index":"index","follow":"follow","max-snippet":"max-snippet:-1","max-image-preview":"max-image-preview:large","max-video-preview":"max-video-preview:-1"},"canonical":"https:\/\/keeperinmotion.com\/partenaires","og_locale":"es_ES","og_type":"article","og_title":"Socios - Keeper in Motion","og_description":"[vc_row full_width=\u00bbstretch_row\u00bb css=\u00bb.vc_custom_1710422166345{padding-top: 200px !important;}\u00bb el_class=\u00bbzindex10&#8243;][vc_column css_animation=\u00bbfadeInLeft\u00bb width=\u00bb5\/12&#8243;][vc_column_text el_class=\u00bbserviceskim\u00bb]SOCIOS[\/vc_column_text][vc_column_text] Juntos vamos m\u00e1s lejos [\/vc_column_text][vc_column_text el_class=\u00bbblanc gras paddingright200&#8243;]Con KIM-Keeper In Motion, ofrecemos una aplicaci\u00f3n \u00fanica para evaluar el rendimiento de los porteros. Para ofrecerte una valiosa soluci\u00f3n integral, nos hemos rodeado de un ecosistema de socios y embajadores de confianza de la aplicaci\u00f3n KIM.[\/vc_column_text][\/vc_column][vc_column width=\u00bb7\/12&#8243;][\/vc_column][\/vc_row][vc_column][\/vc_column][vc_column_text][\/vc_column_text][vc_row full_width=\u00bbstretch_row\u00bb [&hellip;]","og_url":"https:\/\/keeperinmotion.com\/partenaires","og_site_name":"Keeper in Motion","article_publisher":"https:\/\/www.facebook.com\/profile.php?id=100089478548716","article_modified_time":"2026-02-02T14:51:18+00:00","twitter_card":"summary_large_image","twitter_misc":{"Tiempo de lectura":"4 minutos"},"schema":{"@context":"https:\/\/schema.org","@graph":[{"@type":"WebPage","@id":"https:\/\/keeperinmotion.com\/partenaires","url":"https:\/\/keeperinmotion.com\/partenaires","name":"Socios - Keeper in Motion","isPartOf":{"@id":"https:\/\/keeperinmotion.com\/#website"},"datePublished":"2024-03-12T14:39:26+00:00","dateModified":"2026-02-02T14:51:18+00:00","breadcrumb":{"@id":"https:\/\/keeperinmotion.com\/partenaires#breadcrumb"},"inLanguage":"es","potentialAction":[{"@type":"ReadAction","target":["https:\/\/keeperinmotion.com\/partenaires"]}]},{"@type":"BreadcrumbList","@id":"https:\/\/keeperinmotion.com\/partenaires#breadcrumb","itemListElement":[{"@type":"ListItem","position":1,"name":"Accueil","item":"https:\/\/keeperinmotion.com\/es"},{"@type":"ListItem","position":2,"name":"Socios"}]},{"@type":"WebSite","@id":"https:\/\/keeperinmotion.com\/#website","url":"https:\/\/keeperinmotion.com\/","name":"KIM - Keeper in Motion","description":"Goal Keeper are with Keeper in Motion","publisher":{"@id":"https:\/\/keeperinmotion.com\/#organization"},"alternateName":"KIM BOARD","potentialAction":[{"@type":"SearchAction","target":{"@type":"EntryPoint","urlTemplate":"https:\/\/keeperinmotion.com\/?s={search_term_string}"},"query-input":{"@type":"PropertyValueSpecification","valueRequired":true,"valueName":"search_term_string"}}],"inLanguage":"es"},{"@type":"Organization","@id":"https:\/\/keeperinmotion.com\/#organization","name":"Keeper in Motion","alternateName":"KIM","url":"https:\/\/keeperinmotion.com\/","logo":{"@type":"ImageObject","inLanguage":"es","@id":"https:\/\/keeperinmotion.com\/#\/schema\/logo\/image\/","url":"https:\/\/keeperinmotion.com\/wp-content\/uploads\/2025\/01\/kim.png","contentUrl":"https:\/\/keeperinmotion.com\/wp-content\/uploads\/2025\/01\/kim.png","width":700,"height":700,"caption":"Keeper in Motion"},"image":{"@id":"https:\/\/keeperinmotion.com\/#\/schema\/logo\/image\/"},"sameAs":["https:\/\/www.facebook.com\/profile.php?id=100089478548716","https:\/\/www.instagram.com\/keeperinmotion\/"]}]}},"_links":{"self":[{"href":"https:\/\/keeperinmotion.com\/es\/wp-json\/wp\/v2\/pages\/1629","targetHints":{"allow":["GET"]}}],"collection":[{"href":"https:\/\/keeperinmotion.com\/es\/wp-json\/wp\/v2\/pages"}],"about":[{"href":"https:\/\/keeperinmotion.com\/es\/wp-json\/wp\/v2\/types\/page"}],"author":[{"embeddable":true,"href":"https:\/\/keeperinmotion.com\/es\/wp-json\/wp\/v2\/users\/1"}],"replies":[{"embeddable":true,"href":"https:\/\/keeperinmotion.com\/es\/wp-json\/wp\/v2\/comments?post=1629"}],"version-history":[{"count":15,"href":"https:\/\/keeperinmotion.com\/es\/wp-json\/wp\/v2\/pages\/1629\/revisions"}],"predecessor-version":[{"id":4449,"href":"https:\/\/keeperinmotion.com\/es\/wp-json\/wp\/v2\/pages\/1629\/revisions\/4449"}],"wp:attachment":[{"href":"https:\/\/keeperinmotion.com\/es\/wp-json\/wp\/v2\/media?parent=1629"}],"curies":[{"name":"wp","href":"https:\/\/api.w.org\/{rel}","templated":true}]}}