{"id":4632,"date":"2026-02-11T16:14:33","date_gmt":"2026-02-11T15:14:33","guid":{"rendered":"https:\/\/keeperinmotion.com\/?page_id=4632"},"modified":"2026-02-13T15:30:31","modified_gmt":"2026-02-13T14:30:31","slug":"kimdrive2","status":"publish","type":"page","link":"https:\/\/keeperinmotion.com\/es\/servicios\/kimdrive2","title":{"rendered":"KimDrive Inscription"},"content":{"rendered":"<div class=\"wpb-content-wrapper\"><p>[vc_row full_width=\u00bbstretch_row\u00bb css=\u00bb.vc_custom_1724697766701{padding-top: 80px !important;padding-bottom: 80px !important;}\u00bb el_class=\u00bbzindex10 kimdrive\u00bb][vc_column css_animation=\u00bbfadeInLeft\u00bb width=\u00bb6\/12&#8243;][vc_single_image image=\u00bb2413&#8243; img_size=\u00bbfull\u00bb css=\u00bb\u00bb][vc_column_text css=\u00bb\u00bb]<\/p>\n<h1><span class=\"blanc\">D\u00edas de<br \/>\nde Detecci\u00f3n<\/span><br \/>\nKIM DRIVE, Revele<br \/>\nsu potencial<\/h1>\n<p>[\/vc_column_text][vc_column_text css=\u00bb\u00bb el_class=\u00bbblanc paddingright200 smallkd\u00bb]Si eres portero y te gustar\u00eda participar en una jornada de ojeadores excepcional, \u00e9sta es tu oportunidad. \u00a1Esta es tu oportunidad para brillar y ser descubierto![\/vc_column_text][vc_column_text css=\u00bb\u00bb el_class=\u00bbblanc gras\u00bb]<\/p>\n<h3>Label D\u00e9tection: su pasaporte a la excelencia<\/h3>\n<p class=\"left80\"><span class=\"fs20\">El precio incluye :<\/span><\/p>\n<ul>\n<li>Participaci\u00f3n en la jornada de detecci\u00f3n<\/li>\n<li>Revisi\u00f3n completa del rendimiento<\/li>\n<li>V\u00eddeo de recuperaci\u00f3n personalizado<\/li>\n<\/ul>\n<h3>\u00bfPor qu\u00e9 participar?<\/h3>\n<ul>\n<li>Evaluaci\u00f3n profesional de sus competencias<\/li>\n<li>Revisi\u00f3n detallada del rendimiento<\/li>\n<li>Video coaching individual<\/li>\n<li>Una oportunidad \u00fanica para destacar entre la multitud<\/li>\n<\/ul>\n<p>[\/vc_column_text]\n<div class=\"wpcf7 no-js\" id=\"wpcf7-f3198-o1\" lang=\"fr-FR\" dir=\"ltr\" data-wpcf7-id=\"3198\">\n<div class=\"screen-reader-response\"><p role=\"status\" aria-live=\"polite\" aria-atomic=\"true\"><\/p> <ul><\/ul><\/div>\n<form action=\"\/es\/wp-json\/wp\/v2\/pages\/4632#wpcf7-f3198-o1\" method=\"post\" class=\"wpcf7-form init\" aria-label=\"Formulaire de contact\" novalidate=\"novalidate\" data-status=\"init\">\n<fieldset class=\"hidden-fields-container\"><input type=\"hidden\" name=\"_wpcf7\" value=\"3198\" \/><input type=\"hidden\" name=\"_wpcf7_version\" value=\"6.1.5\" \/><input type=\"hidden\" name=\"_wpcf7_locale\" value=\"fr_FR\" \/><input type=\"hidden\" name=\"_wpcf7_unit_tag\" value=\"wpcf7-f3198-o1\" \/><input type=\"hidden\" name=\"_wpcf7_container_post\" value=\"0\" \/><input type=\"hidden\" name=\"_wpcf7_posted_data_hash\" value=\"\" \/><input type=\"hidden\" name=\"_wpcf7dtx_version\" value=\"5.0.5\" \/><input type=\"hidden\" name=\"_wpcf7_recaptcha_response\" value=\"\" \/>\n<\/fieldset>\n<h4 style=\"padding-top: 60px;\">\u00bfTe perdiste una sesi\u00f3n o la sesi\u00f3n est\u00e1 completa?\n<\/h4>\n<div class=\"prenom\">\n\t<p><span class=\"wpcf7-form-control-wrap\" data-name=\"first_name\"><input size=\"40\" maxlength=\"400\" class=\"wpcf7-form-control wpcf7-text wpcf7-validates-as-required\" aria-required=\"true\" aria-invalid=\"false\" placeholder=\"Apellido\" value=\"\" type=\"text\" name=\"first_name\" \/><\/span>\n\t<\/p>\n<\/div>\n<div class=\"nom\">\n\t<p><span class=\"wpcf7-form-control-wrap\" data-name=\"last_name\"><input size=\"40\" maxlength=\"400\" class=\"wpcf7-form-control wpcf7-text wpcf7-validates-as-required\" aria-required=\"true\" aria-invalid=\"false\" placeholder=\"Nombre\" value=\"\" type=\"text\" name=\"last_name\" \/><\/span>\n\t<\/p>\n<\/div>\n<div class=\"prenom\">\n\t<p><span class=\"wpcf7-form-control-wrap\" data-name=\"email\"><input size=\"40\" maxlength=\"400\" class=\"wpcf7-form-control wpcf7-email wpcf7-validates-as-required wpcf7-text wpcf7-validates-as-email\" aria-required=\"true\" aria-invalid=\"false\" placeholder=\"Correo electr\u00f3nico\" value=\"\" type=\"email\" name=\"email\" \/><\/span>\n\t<\/p>\n<\/div>\n<p><span class=\"wpcf7-form-control-wrap\" data-name=\"your-message\"><textarea cols=\"40\" rows=\"10\" maxlength=\"2000\" class=\"wpcf7-form-control wpcf7-textarea\" aria-invalid=\"false\" placeholder=\"Escriba aqu\u00ed su ciudad y sus datos de contacto, nos pondremos en contacto con usted para la pr\u00f3xima sesi\u00f3n.\" name=\"your-message\"><\/textarea><\/span>\n<\/p>\n<p><span class=\"wpcf7-form-control-wrap\" data-name=\"checkbox-671\"><span class=\"wpcf7-form-control wpcf7-checkbox wpcf7-validates-as-required\"><span class=\"wpcf7-list-item first last\"><label><input type=\"checkbox\" name=\"checkbox-671[]\" value=\"Al utilizar este formulario de contacto, usted acepta el almacenamiento y uso de sus datos por Kim de acuerdo con nuestra pol\u00edtica de privacidad.\" \/><span class=\"wpcf7-list-item-label\">Al utilizar este formulario de contacto, usted acepta el almacenamiento y uso de sus datos por Kim de acuerdo con nuestra pol\u00edtica de privacidad.<\/span><\/label><\/span><\/span><\/span>\n<\/p>\n<div class=\"envoi\" style=\"text-align: center;\">\n\t<p><input class=\"wpcf7-form-control wpcf7-submit has-spinner\" type=\"submit\" value=\"Enviar\" \/>\n\t<\/p>\n<\/div><div class=\"wpcf7-response-output\" aria-hidden=\"true\"><\/div>\n<\/form>\n<\/div>\n[\/vc_column][vc_column css_animation=\u00bbbounceInDown\u00bb width=\u00bb6\/12&#8243;][vc_column_text css=\u00bb.vc_custom_1734960015617{padding-top: 60px !important;}\u00bb el_class=\u00bbblanc gras introform\u00bb]No pierdas esta oportunidad de ser descubierto.<br \/>\n\u00a1<span class=\"orange\">Inscr\u00edbete ahora<\/span> y da el primer paso hacia una carrera excepcional como portero![\/vc_column_text][vc_raw_html css=\u00bb\u00bb]JTNDaWZyYW1lJTIwc3JjJTNEJTIyaHR0cHMlM0ElMkYlMkZraW1ib2FyZC5rZWVwZXJpbm1vdGlvbi5jb20lMkZlbWJlZCUyRnNob3AlMkZraW0tZHJpdmUlM0ZsYW5nJTNEZXMlMjIlMjBoZWlnaHQlM0QlMjIxMDAwJTIyJTIwd2lkdGglM0QlMjI4MDAlMjIlMjAlMjAlMjAlMjBzdHlsZSUzRCUyMmJvcmRlciUzQTAlM0IlMjIlM0UlM0MlMkZpZnJhbWUlM0U=[\/vc_raw_html][\/vc_column][\/vc_row]<\/p>\n<\/div>","protected":false},"excerpt":{"rendered":"<p>[vc_row full_width=\u00bbstretch_row\u00bb css=\u00bb.vc_custom_1724697766701{padding-top: 80px !important;padding-bottom: 80px !important;}\u00bb el_class=\u00bbzindex10 kimdrive\u00bb][vc_column [...]","protected":false},"author":9,"featured_media":0,"parent":1607,"menu_order":0,"comment_status":"closed","ping_status":"closed","template":"","meta":{"_acf_changed":false,"footnotes":""},"class_list":["post-4632","page","type-page","status-publish","hentry"],"acf":[],"yoast_head":"<!-- This site is optimized with the Yoast SEO plugin v27.3 - https:\/\/yoast.com\/product\/yoast-seo-wordpress\/ -->\n<title>KimDrive Inscription - Keeper in Motion<\/title>\n<meta name=\"robots\" content=\"index, follow, max-snippet:-1, max-image-preview:large, max-video-preview:-1\" \/>\n<link rel=\"canonical\" href=\"https:\/\/keeperinmotion.com\/es\/servicios\/kimdrive2\" \/>\n<meta property=\"og:locale\" content=\"es_ES\" \/>\n<meta property=\"og:type\" content=\"article\" \/>\n<meta property=\"og:title\" content=\"KimDrive Inscription - Keeper in Motion\" \/>\n<meta property=\"og:description\" content=\"[vc_row full_width=\u00bbstretch_row\u00bb css=\u00bb.vc_custom_1724697766701{padding-top: 80px !important;padding-bottom: 80px !important;}\u00bb el_class=\u00bbzindex10 kimdrive\u00bb][vc_column css_animation=\u00bbfadeInLeft\u00bb width=\u00bb6\/12&#8243;][vc_single_image image=\u00bb2413&#8243; img_size=\u00bbfull\u00bb css=\u00bb\u00bb][vc_column_text css=\u00bb\u00bb] D\u00edas de de Detecci\u00f3n KIM DRIVE, Revele su potencial [\/vc_column_text][vc_column_text css=\u00bb\u00bb el_class=\u00bbblanc paddingright200 smallkd\u00bb]Si eres portero y te gustar\u00eda participar en una jornada de ojeadores excepcional, \u00e9sta es tu oportunidad. \u00a1Esta es tu oportunidad para brillar y ser descubierto![\/vc_column_text][vc_column_text css=\u00bb\u00bb [&hellip;]\" \/>\n<meta property=\"og:url\" content=\"https:\/\/keeperinmotion.com\/es\/servicios\/kimdrive2\" \/>\n<meta property=\"og:site_name\" content=\"Keeper in Motion\" \/>\n<meta property=\"article:publisher\" content=\"https:\/\/www.facebook.com\/profile.php?id=100089478548716\" \/>\n<meta property=\"article:modified_time\" content=\"2026-02-13T14:30:31+00:00\" \/>\n<meta name=\"twitter:card\" content=\"summary_large_image\" \/>\n<meta name=\"twitter:label1\" content=\"Tiempo de lectura\" \/>\n\t<meta name=\"twitter:data1\" content=\"1 minuto\" \/>\n<script type=\"application\/ld+json\" class=\"yoast-schema-graph\">{\"@context\":\"https:\\\/\\\/schema.org\",\"@graph\":[{\"@type\":\"WebPage\",\"@id\":\"https:\\\/\\\/keeperinmotion.com\\\/es\\\/servicios\\\/kimdrive2\",\"url\":\"https:\\\/\\\/keeperinmotion.com\\\/es\\\/servicios\\\/kimdrive2\",\"name\":\"KimDrive Inscription - Keeper in Motion\",\"isPartOf\":{\"@id\":\"https:\\\/\\\/keeperinmotion.com\\\/#website\"},\"datePublished\":\"2026-02-11T15:14:33+00:00\",\"dateModified\":\"2026-02-13T14:30:31+00:00\",\"breadcrumb\":{\"@id\":\"https:\\\/\\\/keeperinmotion.com\\\/es\\\/servicios\\\/kimdrive2#breadcrumb\"},\"inLanguage\":\"es\",\"potentialAction\":[{\"@type\":\"ReadAction\",\"target\":[\"https:\\\/\\\/keeperinmotion.com\\\/es\\\/servicios\\\/kimdrive2\"]}]},{\"@type\":\"BreadcrumbList\",\"@id\":\"https:\\\/\\\/keeperinmotion.com\\\/es\\\/servicios\\\/kimdrive2#breadcrumb\",\"itemListElement\":[{\"@type\":\"ListItem\",\"position\":1,\"name\":\"Accueil\",\"item\":\"https:\\\/\\\/keeperinmotion.com\\\/es\"},{\"@type\":\"ListItem\",\"position\":2,\"name\":\"Servicios\",\"item\":\"https:\\\/\\\/keeperinmotion.com\\\/es\\\/servicios\"},{\"@type\":\"ListItem\",\"position\":3,\"name\":\"KimDrive Inscription\"}]},{\"@type\":\"WebSite\",\"@id\":\"https:\\\/\\\/keeperinmotion.com\\\/#website\",\"url\":\"https:\\\/\\\/keeperinmotion.com\\\/\",\"name\":\"KIM - Keeper in Motion\",\"description\":\"Goal Keeper are with Keeper in Motion\",\"publisher\":{\"@id\":\"https:\\\/\\\/keeperinmotion.com\\\/#organization\"},\"alternateName\":\"KIM BOARD\",\"potentialAction\":[{\"@type\":\"SearchAction\",\"target\":{\"@type\":\"EntryPoint\",\"urlTemplate\":\"https:\\\/\\\/keeperinmotion.com\\\/?s={search_term_string}\"},\"query-input\":{\"@type\":\"PropertyValueSpecification\",\"valueRequired\":true,\"valueName\":\"search_term_string\"}}],\"inLanguage\":\"es\"},{\"@type\":\"Organization\",\"@id\":\"https:\\\/\\\/keeperinmotion.com\\\/#organization\",\"name\":\"Keeper in Motion\",\"alternateName\":\"KIM\",\"url\":\"https:\\\/\\\/keeperinmotion.com\\\/\",\"logo\":{\"@type\":\"ImageObject\",\"inLanguage\":\"es\",\"@id\":\"https:\\\/\\\/keeperinmotion.com\\\/#\\\/schema\\\/logo\\\/image\\\/\",\"url\":\"https:\\\/\\\/keeperinmotion.com\\\/wp-content\\\/uploads\\\/2025\\\/01\\\/kim.png\",\"contentUrl\":\"https:\\\/\\\/keeperinmotion.com\\\/wp-content\\\/uploads\\\/2025\\\/01\\\/kim.png\",\"width\":700,\"height\":700,\"caption\":\"Keeper in Motion\"},\"image\":{\"@id\":\"https:\\\/\\\/keeperinmotion.com\\\/#\\\/schema\\\/logo\\\/image\\\/\"},\"sameAs\":[\"https:\\\/\\\/www.facebook.com\\\/profile.php?id=100089478548716\",\"https:\\\/\\\/www.instagram.com\\\/keeperinmotion\\\/\"]}]}<\/script>\n<!-- \/ Yoast SEO plugin. -->","yoast_head_json":{"title":"KimDrive Inscription - Keeper in Motion","robots":{"index":"index","follow":"follow","max-snippet":"max-snippet:-1","max-image-preview":"max-image-preview:large","max-video-preview":"max-video-preview:-1"},"canonical":"https:\/\/keeperinmotion.com\/es\/servicios\/kimdrive2","og_locale":"es_ES","og_type":"article","og_title":"KimDrive Inscription - Keeper in Motion","og_description":"[vc_row full_width=\u00bbstretch_row\u00bb css=\u00bb.vc_custom_1724697766701{padding-top: 80px !important;padding-bottom: 80px !important;}\u00bb el_class=\u00bbzindex10 kimdrive\u00bb][vc_column css_animation=\u00bbfadeInLeft\u00bb width=\u00bb6\/12&#8243;][vc_single_image image=\u00bb2413&#8243; img_size=\u00bbfull\u00bb css=\u00bb\u00bb][vc_column_text css=\u00bb\u00bb] D\u00edas de de Detecci\u00f3n KIM DRIVE, Revele su potencial [\/vc_column_text][vc_column_text css=\u00bb\u00bb el_class=\u00bbblanc paddingright200 smallkd\u00bb]Si eres portero y te gustar\u00eda participar en una jornada de ojeadores excepcional, \u00e9sta es tu oportunidad. \u00a1Esta es tu oportunidad para brillar y ser descubierto![\/vc_column_text][vc_column_text css=\u00bb\u00bb [&hellip;]","og_url":"https:\/\/keeperinmotion.com\/es\/servicios\/kimdrive2","og_site_name":"Keeper in Motion","article_publisher":"https:\/\/www.facebook.com\/profile.php?id=100089478548716","article_modified_time":"2026-02-13T14:30:31+00:00","twitter_card":"summary_large_image","twitter_misc":{"Tiempo de lectura":"1 minuto"},"schema":{"@context":"https:\/\/schema.org","@graph":[{"@type":"WebPage","@id":"https:\/\/keeperinmotion.com\/es\/servicios\/kimdrive2","url":"https:\/\/keeperinmotion.com\/es\/servicios\/kimdrive2","name":"KimDrive Inscription - Keeper in Motion","isPartOf":{"@id":"https:\/\/keeperinmotion.com\/#website"},"datePublished":"2026-02-11T15:14:33+00:00","dateModified":"2026-02-13T14:30:31+00:00","breadcrumb":{"@id":"https:\/\/keeperinmotion.com\/es\/servicios\/kimdrive2#breadcrumb"},"inLanguage":"es","potentialAction":[{"@type":"ReadAction","target":["https:\/\/keeperinmotion.com\/es\/servicios\/kimdrive2"]}]},{"@type":"BreadcrumbList","@id":"https:\/\/keeperinmotion.com\/es\/servicios\/kimdrive2#breadcrumb","itemListElement":[{"@type":"ListItem","position":1,"name":"Accueil","item":"https:\/\/keeperinmotion.com\/es"},{"@type":"ListItem","position":2,"name":"Servicios","item":"https:\/\/keeperinmotion.com\/es\/servicios"},{"@type":"ListItem","position":3,"name":"KimDrive Inscription"}]},{"@type":"WebSite","@id":"https:\/\/keeperinmotion.com\/#website","url":"https:\/\/keeperinmotion.com\/","name":"KIM - Keeper in Motion","description":"Goal Keeper are with Keeper in Motion","publisher":{"@id":"https:\/\/keeperinmotion.com\/#organization"},"alternateName":"KIM BOARD","potentialAction":[{"@type":"SearchAction","target":{"@type":"EntryPoint","urlTemplate":"https:\/\/keeperinmotion.com\/?s={search_term_string}"},"query-input":{"@type":"PropertyValueSpecification","valueRequired":true,"valueName":"search_term_string"}}],"inLanguage":"es"},{"@type":"Organization","@id":"https:\/\/keeperinmotion.com\/#organization","name":"Keeper in Motion","alternateName":"KIM","url":"https:\/\/keeperinmotion.com\/","logo":{"@type":"ImageObject","inLanguage":"es","@id":"https:\/\/keeperinmotion.com\/#\/schema\/logo\/image\/","url":"https:\/\/keeperinmotion.com\/wp-content\/uploads\/2025\/01\/kim.png","contentUrl":"https:\/\/keeperinmotion.com\/wp-content\/uploads\/2025\/01\/kim.png","width":700,"height":700,"caption":"Keeper in Motion"},"image":{"@id":"https:\/\/keeperinmotion.com\/#\/schema\/logo\/image\/"},"sameAs":["https:\/\/www.facebook.com\/profile.php?id=100089478548716","https:\/\/www.instagram.com\/keeperinmotion\/"]}]}},"_links":{"self":[{"href":"https:\/\/keeperinmotion.com\/es\/wp-json\/wp\/v2\/pages\/4632","targetHints":{"allow":["GET"]}}],"collection":[{"href":"https:\/\/keeperinmotion.com\/es\/wp-json\/wp\/v2\/pages"}],"about":[{"href":"https:\/\/keeperinmotion.com\/es\/wp-json\/wp\/v2\/types\/page"}],"author":[{"embeddable":true,"href":"https:\/\/keeperinmotion.com\/es\/wp-json\/wp\/v2\/users\/9"}],"replies":[{"embeddable":true,"href":"https:\/\/keeperinmotion.com\/es\/wp-json\/wp\/v2\/comments?post=4632"}],"version-history":[{"count":9,"href":"https:\/\/keeperinmotion.com\/es\/wp-json\/wp\/v2\/pages\/4632\/revisions"}],"predecessor-version":[{"id":4694,"href":"https:\/\/keeperinmotion.com\/es\/wp-json\/wp\/v2\/pages\/4632\/revisions\/4694"}],"up":[{"embeddable":true,"href":"https:\/\/keeperinmotion.com\/es\/wp-json\/wp\/v2\/pages\/1607"}],"wp:attachment":[{"href":"https:\/\/keeperinmotion.com\/es\/wp-json\/wp\/v2\/media?parent=4632"}],"curies":[{"name":"wp","href":"https:\/\/api.w.org\/{rel}","templated":true}]}}